{"id":45,"date":"2023-08-06T23:56:41","date_gmt":"2023-08-06T21:56:41","guid":{"rendered":"http:\/\/rmbjvzw.cluster028.hosting.ovh.net\/?page_id=45"},"modified":"2023-08-07T15:50:22","modified_gmt":"2023-08-07T13:50:22","slug":"losteopathie-presentation","status":"publish","type":"page","link":"http:\/\/osteoparis13.fr\/index.php\/losteopathie-presentation\/","title":{"rendered":"L&rsquo;ost\u00e9opathie : pr\u00e9sentation"},"content":{"rendered":"\n<div class=\"wp-block-group is-vertical is-content-justification-stretch is-layout-flex wp-container-core-group-is-layout-b16ad781 wp-block-group-is-layout-flex\">\n<p>Vous ne connaissez pas encore l&rsquo;ost\u00e9opathie\u00a0? Vous en avez entendu parler, mais sans savoir pr\u00e9cis\u00e9ment ce qu&rsquo;on peut en attendre\u00a0? Voici en quelques mots l&rsquo;essentiel de ce qu&rsquo;il faut savoir sur une discipline qui a beaucoup \u00e9volu\u00e9 ces derni\u00e8res ann\u00e9es.<\/p>\n<\/div>\n\n\n<style>#sp-ea-62 .spcollapsing { height: 0; overflow: hidden; transition-property: height;transition-duration: 300ms;}#sp-ea-62.sp-easy-accordion>.sp-ea-single {border: 1px solid #e2e2e2; }#sp-ea-62.sp-easy-accordion>.sp-ea-single>.ea-header a {color: #444;}#sp-ea-62.sp-easy-accordion>.sp-ea-single>.sp-collapse>.ea-body {background: #fff; color: #444;}#sp-ea-62.sp-easy-accordion>.sp-ea-single {background: #eee;}#sp-ea-62.sp-easy-accordion>.sp-ea-single>.ea-header a .ea-expand-icon.fa { float: left; color: #444;font-size: 16px;}<\/style><div id=\"sp_easy_accordion-1691362867\"><div id=\"sp-ea-62\" class=\"sp-ea-one sp-easy-accordion\" data-ex-icon=\"fa-minus\" data-col-icon=\"fa-plus\"  data-ea-active=\"ea-click\"  data-ea-mode=\"vertical\" data-preloader=\"\" data-scroll-active-item=\"\" data-offset-to-scroll=\"0\"><div class=\"ea-card  sp-ea-single\"><h3 class=\"ea-header\"><a class=\"collapsed\" data-sptoggle=\"spcollapse\" data-sptarget=#collapse620 href=\"javascript:void(0)\"  aria-expanded=\"false\"><i class=\"ea-expand-icon fa fa-plus\"><\/i> L'ost\u00e9opathie\u00a0: pr\u00e9sentation<\/a><\/h3><div class=\"sp-collapse spcollapse spcollapse\" id=\"collapse620\" data-parent=#sp-ea-62><div class=\"ea-body\"><p>L'ost\u00e9opathie est une approche diagnostique et th\u00e9rapeutique du corps humain, qui se focalise sur les d\u00e9s\u00e9quilibres et les tensions qui apparaissent dans les tissus, les muscles, le squelette.<!--more--> Son objectif est d'identifier ces d\u00e9s\u00e9quilibres et ces tensions, et de les r\u00e9sorber par des manipulations manuelles, en vue de soulager les douleurs et les troubles engendr\u00e9s. Le grand public identifie g\u00e9n\u00e9ralement l'ost\u00e9opathie \u00e0 des manipulations parfois inqui\u00e9tantes des os et des articulations : en fait, la discipline a beaucoup \u00e9volu\u00e9 ces derni\u00e8res ann\u00e9es, et aujourd'hui les praticiens ont \u00e0 leur disposition un \u00e9ventail beaucoup plus large de techniques, y compris des manipulations extr\u00eamement douces sur les muscles ou les tissus uniquement.<!--more--><\/p>\n<\/div><\/div><\/div><div class=\"ea-card  sp-ea-single\"><h3 class=\"ea-header\"><a class=\"collapsed\" data-sptoggle=\"spcollapse\" data-sptarget=#collapse621 href=\"javascript:void(0)\"  aria-expanded=\"false\"><i class=\"ea-expand-icon fa fa-plus\"><\/i> L'ost\u00e9opathie : pour qui, pour quoi ?<\/a><\/h3><div class=\"sp-collapse spcollapse spcollapse\" id=\"collapse621\" data-parent=#sp-ea-62><div class=\"ea-body\"><p>L'ost\u00e9opathie propose une approche compl\u00e9mentaire \u00e0 la m\u00e9decine classique ; en aucun cas elle ne pr\u00e9tend s'y substituer.<\/p>\n<p>Votre ost\u00e9opathe a re\u00e7u une formation qui lui permet de poser un <em>diagnostic diff\u00e9rentiel : <\/em>il vous dira si vos sympt\u00f4mes rel\u00e8vent de sa comp\u00e9tence, ou si vous devez vous adresser \u00e0 un m\u00e9decin.<\/p>\n<p>Mais le champ d'action de l'ost\u00e9opathie est tr\u00e8s vaste : douleurs ost\u00e9o-articulaires, musculaires, maux de t\u00eate, troubles ORL, digestifs, troubles du sommeil...<!--more--><\/p>\n<p>Au terme d'une phase d'\u00e9coute de vos sympt\u00f4mes et des \u00e9v\u00e9nements pass\u00e9s relatifs \u00e0 votre sant\u00e9 (op\u00e9rations, traitements, traumatismes...), et apr\u00e8s une phase d'auscultation, le praticien met en relation des d\u00e9s\u00e9quilibres ou des tensions au sein de votre organisme, avec les troubles et les sympt\u00f4mes que vous relatez.<\/p>\n<p>Le traitement consiste alors \u00e0 r\u00e9tablir l'\u00e9quilibre et \u00e0 r\u00e9sorber les tensions qui ont \u00e9t\u00e9 identifi\u00e9es.<\/p>\n<p>Des traitements adapt\u00e9s existent pour toutes les cat\u00e9gories de patients : adultes, enfants, et m\u00eame femmes enceintes et nourrissons.<\/p>\n<\/div><\/div><\/div><\/div><\/div>\n","protected":false},"excerpt":{"rendered":"<p>Vous ne connaissez pas encore l&rsquo;ost\u00e9opathie\u00a0? Vous en avez entendu parler, mais sans savoir pr\u00e9cis\u00e9ment ce qu&rsquo;on peut en attendre\u00a0? Voici en quelques mots l&rsquo;essentiel de ce qu&rsquo;il faut savoir sur une discipline qui a beaucoup \u00e9volu\u00e9 ces derni\u00e8res ann\u00e9es.<\/p>\n","protected":false},"author":1,"featured_media":0,"parent":0,"menu_order":0,"comment_status":"closed","ping_status":"closed","template":"","meta":{"footnotes":""},"class_list":["post-45","page","type-page","status-publish","hentry"],"_links":{"self":[{"href":"http:\/\/osteoparis13.fr\/index.php\/wp-json\/wp\/v2\/pages\/45","targetHints":{"allow":["GET"]}}],"collection":[{"href":"http:\/\/osteoparis13.fr\/index.php\/wp-json\/wp\/v2\/pages"}],"about":[{"href":"http:\/\/osteoparis13.fr\/index.php\/wp-json\/wp\/v2\/types\/page"}],"author":[{"embeddable":true,"href":"http:\/\/osteoparis13.fr\/index.php\/wp-json\/wp\/v2\/users\/1"}],"replies":[{"embeddable":true,"href":"http:\/\/osteoparis13.fr\/index.php\/wp-json\/wp\/v2\/comments?post=45"}],"version-history":[{"count":5,"href":"http:\/\/osteoparis13.fr\/index.php\/wp-json\/wp\/v2\/pages\/45\/revisions"}],"predecessor-version":[{"id":83,"href":"http:\/\/osteoparis13.fr\/index.php\/wp-json\/wp\/v2\/pages\/45\/revisions\/83"}],"wp:attachment":[{"href":"http:\/\/osteoparis13.fr\/index.php\/wp-json\/wp\/v2\/media?parent=45"}],"curies":[{"name":"wp","href":"https:\/\/api.w.org\/{rel}","templated":true}]}}