{"id":47,"date":"2023-08-06T23:57:40","date_gmt":"2023-08-06T21:57:40","guid":{"rendered":"http:\/\/rmbjvzw.cluster028.hosting.ovh.net\/?page_id=47"},"modified":"2023-08-07T21:58:41","modified_gmt":"2023-08-07T19:58:41","slug":"la-reglementation-loi-decrets","status":"publish","type":"page","link":"http:\/\/osteoparis13.fr\/index.php\/la-reglementation-loi-decrets\/","title":{"rendered":"La r\u00e9glementation : loi, d\u00e9crets"},"content":{"rendered":"\n<p>Depuis 2002, l&rsquo;ost\u00e9opathie fait l&rsquo;objet en France d&rsquo;une r\u00e9glementation, en tant que profession de sant\u00e9.<\/p>\n\n\n\n<p>A ce titre, l&rsquo;usage du titre d&rsquo;ost\u00e9opathe est r\u00e9serv\u00e9 aux<strong> personnes titulaires d&rsquo;un dipl\u00f4me<\/strong>.<\/p>\n\n\n\n<p>Ce dipl\u00f4me doit \u00eatre d\u00e9livr\u00e9 par un \u00e9tablissement de formation <strong>agr\u00e9\u00e9 par le Minist\u00e8re de la Sant\u00e9<\/strong>.<\/p>\n\n\n\n<p>Le contenu de la formation est lui-m\u00eame encadr\u00e9 par la loi, tout comme les conditions de d\u00e9livrance du dipl\u00f4me&nbsp;: tout ceci vise \u00e0 <strong>garantir la s\u00e9curit\u00e9 des patients et le niveau de comp\u00e9tence des praticiens<\/strong>.<\/p>\n\n\n\n<p>Vous pouvez consulter les textes officiels en les t\u00e9l\u00e9chargeant ici m\u00eame (format PDF)&nbsp;:<\/p>\n\n\n\n<p><a rel=\"noreferrer noopener\" href=\"http:\/\/www.osteoparis13.fr\/joomla1.5\/images\/stories\/documents\/loi_2002_osteopathie.pdf\" target=\"_blank\"><\/a> <a href=\"http:\/\/osteoparis13.fr\/wp-content\/uploads\/2023\/08\/loi_2002_osteopathie.pdf\" target=\"_blank\" rel=\"noreferrer noopener\">Loi N\u00b02002-303 du 4 mars 2002 &#8211; article 75<\/a><\/p>\n\n\n\n<p><a rel=\"noreferrer noopener\" href=\"http:\/\/www.osteoparis13.fr\/joomla1.5\/images\/stories\/documents\/decret_2007-435_osteopathie.pdf\" target=\"_blank\"><\/a> <a href=\"http:\/\/osteoparis13.fr\/wp-content\/uploads\/2023\/08\/decret_2007-435_osteopathie.pdf\" target=\"_blank\" rel=\"noreferrer noopener\">D\u00e9cret N\u00b02007-435 du 25 mars 2007 relatif aux actes et aux conditions d&rsquo;exercice de l&rsquo;ost\u00e9opathie<\/a><\/p>\n\n\n\n<p><a rel=\"noreferrer noopener\" href=\"http:\/\/www.osteoparis13.fr\/joomla1.5\/images\/stories\/documents\/decret_2007-437_osteopathie.pdf\" target=\"_blank\"><\/a> <a href=\"http:\/\/osteoparis13.fr\/wp-content\/uploads\/2023\/08\/decret_2007-437_osteopathie.pdf\" target=\"_blank\" rel=\"noreferrer noopener\">D\u00e9cret N\u00b02007-437 du 25 mars 2007 relatif \u00e0 la formation des ost\u00e9opathes et \u00e0 l&rsquo;agr\u00e9ment des \u00e9tablissements de formation<\/a><\/p>\n","protected":false},"excerpt":{"rendered":"<p>Depuis 2002, l&rsquo;ost\u00e9opathie fait l&rsquo;objet en France d&rsquo;une r\u00e9glementation, en tant que profession de sant\u00e9. A ce titre, l&rsquo;usage du titre d&rsquo;ost\u00e9opathe est r\u00e9serv\u00e9 aux personnes titulaires d&rsquo;un dipl\u00f4me. Ce dipl\u00f4me doit \u00eatre d\u00e9livr\u00e9 par un \u00e9tablissement de formation agr\u00e9\u00e9 par le Minist\u00e8re de la Sant\u00e9. Le contenu de la formation est lui-m\u00eame encadr\u00e9 par [&hellip;]<\/p>\n","protected":false},"author":1,"featured_media":0,"parent":0,"menu_order":0,"comment_status":"closed","ping_status":"closed","template":"","meta":{"footnotes":""},"class_list":["post-47","page","type-page","status-publish","hentry"],"_links":{"self":[{"href":"http:\/\/osteoparis13.fr\/index.php\/wp-json\/wp\/v2\/pages\/47","targetHints":{"allow":["GET"]}}],"collection":[{"href":"http:\/\/osteoparis13.fr\/index.php\/wp-json\/wp\/v2\/pages"}],"about":[{"href":"http:\/\/osteoparis13.fr\/index.php\/wp-json\/wp\/v2\/types\/page"}],"author":[{"embeddable":true,"href":"http:\/\/osteoparis13.fr\/index.php\/wp-json\/wp\/v2\/users\/1"}],"replies":[{"embeddable":true,"href":"http:\/\/osteoparis13.fr\/index.php\/wp-json\/wp\/v2\/comments?post=47"}],"version-history":[{"count":5,"href":"http:\/\/osteoparis13.fr\/index.php\/wp-json\/wp\/v2\/pages\/47\/revisions"}],"predecessor-version":[{"id":91,"href":"http:\/\/osteoparis13.fr\/index.php\/wp-json\/wp\/v2\/pages\/47\/revisions\/91"}],"wp:attachment":[{"href":"http:\/\/osteoparis13.fr\/index.php\/wp-json\/wp\/v2\/media?parent=47"}],"curies":[{"name":"wp","href":"https:\/\/api.w.org\/{rel}","templated":true}]}}