{"id":49,"date":"2023-08-06T23:58:16","date_gmt":"2023-08-06T21:58:16","guid":{"rendered":"http:\/\/rmbjvzw.cluster028.hosting.ovh.net\/?page_id=49"},"modified":"2023-08-07T15:51:50","modified_gmt":"2023-08-07T13:51:50","slug":"diplome-et-agrement","status":"publish","type":"page","link":"http:\/\/osteoparis13.fr\/index.php\/diplome-et-agrement\/","title":{"rendered":"Dipl\u00f4mes et agr\u00e9ment"},"content":{"rendered":"\n<p>Mme Thu-Van ATTALI est ost\u00e9opathe exclusive\u00a0; elle a obtenu son dipl\u00f4me aupr\u00e8s de l&rsquo;IPEO (d\u00e9sormais <a rel=\"noreferrer noopener\" href=\"https:\/\/www.ecole-osteopathie-paris.fr\/l-ecole-1.html\" target=\"_blank\">Ecole d&rsquo;Ost\u00e9opathie Paris<\/a>) en 2009, \u00e0 l&rsquo;issue d&rsquo;une formation de 5 ans.<\/p>\n\n\n\n<p>Son dipl\u00f4me d&rsquo;ost\u00e9opathe est enregistr\u00e9 \u00e0 la Direction D\u00e9partementale des Affaires Sanitaires et Sociales (DDASS) de Paris.<\/p>\n\n\n\n<p>Mme ATTALI est en outre titulaire d&rsquo;un dipl\u00f4me d&rsquo;acupuncture d\u00e9livr\u00e9 par <a href=\"https:\/\/www.ieqg.com\/\" target=\"_blank\" rel=\"noreferrer noopener\">l&rsquo;IEQG<\/a> en 2016.<\/p>\n\n\n\n<p>Mme ATTALI est inscrite au R\u00e9pertoire des Professionnels de Sant\u00e9 sous le <strong>num\u00e9ro ADELI<\/strong> <strong>75-00-0424-4<\/strong>.<\/p>\n\n\n\n<p>Son cabinet de consultation est inscrit au R\u00e9pertoire des Entreprises de l&rsquo;INSEE sous <strong>l&rsquo;identifiant SIREN 517-492-526<\/strong>.<\/p>\n","protected":false},"excerpt":{"rendered":"<p>Mme Thu-Van ATTALI est ost\u00e9opathe exclusive\u00a0; elle a obtenu son dipl\u00f4me aupr\u00e8s de l&rsquo;IPEO (d\u00e9sormais Ecole d&rsquo;Ost\u00e9opathie Paris) en 2009, \u00e0 l&rsquo;issue d&rsquo;une formation de 5 ans. Son dipl\u00f4me d&rsquo;ost\u00e9opathe est enregistr\u00e9 \u00e0 la Direction D\u00e9partementale des Affaires Sanitaires et Sociales (DDASS) de Paris. Mme ATTALI est en outre titulaire d&rsquo;un dipl\u00f4me d&rsquo;acupuncture d\u00e9livr\u00e9 par [&hellip;]<\/p>\n","protected":false},"author":1,"featured_media":0,"parent":0,"menu_order":0,"comment_status":"closed","ping_status":"closed","template":"","meta":{"footnotes":""},"class_list":["post-49","page","type-page","status-publish","hentry"],"_links":{"self":[{"href":"http:\/\/osteoparis13.fr\/index.php\/wp-json\/wp\/v2\/pages\/49","targetHints":{"allow":["GET"]}}],"collection":[{"href":"http:\/\/osteoparis13.fr\/index.php\/wp-json\/wp\/v2\/pages"}],"about":[{"href":"http:\/\/osteoparis13.fr\/index.php\/wp-json\/wp\/v2\/types\/page"}],"author":[{"embeddable":true,"href":"http:\/\/osteoparis13.fr\/index.php\/wp-json\/wp\/v2\/users\/1"}],"replies":[{"embeddable":true,"href":"http:\/\/osteoparis13.fr\/index.php\/wp-json\/wp\/v2\/comments?post=49"}],"version-history":[{"count":4,"href":"http:\/\/osteoparis13.fr\/index.php\/wp-json\/wp\/v2\/pages\/49\/revisions"}],"predecessor-version":[{"id":86,"href":"http:\/\/osteoparis13.fr\/index.php\/wp-json\/wp\/v2\/pages\/49\/revisions\/86"}],"wp:attachment":[{"href":"http:\/\/osteoparis13.fr\/index.php\/wp-json\/wp\/v2\/media?parent=49"}],"curies":[{"name":"wp","href":"https:\/\/api.w.org\/{rel}","templated":true}]}}