{"id":79,"date":"2023-08-07T15:37:58","date_gmt":"2023-08-07T13:37:58","guid":{"rendered":"http:\/\/osteo-fontenay94.fr\/?page_id=79"},"modified":"2023-08-07T15:53:14","modified_gmt":"2023-08-07T13:53:14","slug":"publication-scientifique","status":"publish","type":"page","link":"http:\/\/osteoparis13.fr\/index.php\/publication-scientifique\/","title":{"rendered":"Publication scientifique"},"content":{"rendered":"\n<p>Mme ATTALI est l&rsquo;auteur principal d&rsquo;un article de recherche publi\u00e9 dans une revue scientifique. Ce travail exp\u00e9rimental sugg\u00e8re un effet positif de l&rsquo;ost\u00e9opathie sur le syndrome de l&rsquo;intestin irritable.<\/p>\n\n\n\n<p>Pour plus d&rsquo;informations\u00a0: <a rel=\"noreferrer noopener\" href=\"https:\/\/pubmed.ncbi.nlm.nih.gov\/23981319\/\" target=\"_blank\">r\u00e9sum\u00e9 en anglais<\/a>.<\/p>\n","protected":false},"excerpt":{"rendered":"<p>Mme ATTALI est l&rsquo;auteur principal d&rsquo;un article de recherche publi\u00e9 dans une revue scientifique. Ce travail exp\u00e9rimental sugg\u00e8re un effet positif de l&rsquo;ost\u00e9opathie sur le syndrome de l&rsquo;intestin irritable. Pour plus d&rsquo;informations\u00a0: r\u00e9sum\u00e9 en anglais.<\/p>\n","protected":false},"author":1,"featured_media":0,"parent":0,"menu_order":0,"comment_status":"closed","ping_status":"closed","template":"","meta":{"footnotes":""},"class_list":["post-79","page","type-page","status-publish","hentry"],"_links":{"self":[{"href":"http:\/\/osteoparis13.fr\/index.php\/wp-json\/wp\/v2\/pages\/79","targetHints":{"allow":["GET"]}}],"collection":[{"href":"http:\/\/osteoparis13.fr\/index.php\/wp-json\/wp\/v2\/pages"}],"about":[{"href":"http:\/\/osteoparis13.fr\/index.php\/wp-json\/wp\/v2\/types\/page"}],"author":[{"embeddable":true,"href":"http:\/\/osteoparis13.fr\/index.php\/wp-json\/wp\/v2\/users\/1"}],"replies":[{"embeddable":true,"href":"http:\/\/osteoparis13.fr\/index.php\/wp-json\/wp\/v2\/comments?post=79"}],"version-history":[{"count":2,"href":"http:\/\/osteoparis13.fr\/index.php\/wp-json\/wp\/v2\/pages\/79\/revisions"}],"predecessor-version":[{"id":88,"href":"http:\/\/osteoparis13.fr\/index.php\/wp-json\/wp\/v2\/pages\/79\/revisions\/88"}],"wp:attachment":[{"href":"http:\/\/osteoparis13.fr\/index.php\/wp-json\/wp\/v2\/media?parent=79"}],"curies":[{"name":"wp","href":"https:\/\/api.w.org\/{rel}","templated":true}]}}